{"id":20,"date":"2023-06-14T23:26:25","date_gmt":"2023-06-14T23:26:25","guid":{"rendered":"https:\/\/lanacionlibertaria.org\/?page_id=20"},"modified":"2023-06-14T23:26:25","modified_gmt":"2023-06-14T23:26:25","slug":"la-ley-frederic-bastiat-parte-1","status":"publish","type":"page","link":"https:\/\/lanacionlibertaria.org\/?page_id=20","title":{"rendered":"La ley &#8211; Fr\u00e9d\u00e9ric Bastiat (parte 1)"},"content":{"rendered":"\n<p>La ley, \u00a1pervertida! <\/p>\n\n\n\n<p>La ley y tras ella todas las fuerzas colectivas de la naci\u00f3n, ha<br>sido no solamente apartada de su finalidad, sino que aplicada para contrariar su<br>objetivo l\u00f3gico. \u00a1La ley, convertida en instrumento de todos los apetitos<br>inmoderados, en lugar de servir como freno!<br>\u00a1La ley, realizando ella misma la iniquidad de cuyo castigo estaba encargada!<br>Ciertamente se trata de un hecho grave, como pocos existen y sobre el cual debe<br>serme permitido llamar la atenci\u00f3n de mis conciudadanos.<\/p>\n\n\n\n<p>LA VIDA ES UN DON DE DIOS<\/p>\n\n\n\n<p>De Dios nos viene el don que, para nosotros, los contiene a todos: La vida. &#8211; la vida<br>f\u00edsica, intelectual y moral.<br>Empero, la vida no se mantiene por s\u00ed misma. Aquel que nos la ha dado, ha dejado a<br>cargo nuestro el cuidado de mantenerla, desarrollarla y perfeccionarla.<br>Para ello nos ha dotado de un conjunto de facultades maravillosas; nos ha colocado en un<br>medio compuesto de elementos diversos. Aplicando nuestras facultades a aquellos<br>elementos, es como se realiza el fen\u00f3meno de la transformaci\u00f3n, de la Apropiaci\u00f3n, por<br>medio del cual la vida recorre el camino que le ha sido asignado.<br>Existencia, Facultades, Producci\u00f3n en otros t\u00e9rminos, Personalidad, Libertad,<br>Propiedad-: he ah\u00ed al hombre.<br>De esas tres cosas s\u00ed puede decirse, fuera de toda sutileza demag\u00f3gica, que son<br>anteriores y superiores a cualquier legislaci\u00f3n humana.<br>La existencia de la Personalidad, la Libertad y la Propiedad, no se debe a que los<br>hombres hayan dictado Leyes. Por el contrario, la preexistencia de su personalidad,<br>libertad y propiedad es la que determina que puedan hacer leyes los hombres.<br><\/p>\n\n\n\n<p>\u00bfQUE ES LA LEY?<br><\/p>\n\n\n\n<p>\u00bfQu\u00e9 es, pues, la ley? Es la organizaci\u00f3n colectiva del derecho individual de legitima<br>defensa.<br>Cada uno de nosotros ha recibido ciertamente de la naturaleza, de Dios, el derecho de<br>defender su personalidad, su libertad y su propiedad ya que son esos los tres elementos<br>esenciales requeridos para conservar la vida, elementos que se complementan el uno al<br>otro, sin que pueda concebirse uno sin el otro. Porque, \u00bfqu\u00e9 son nuestras facultades, sino<br>una prolongaci\u00f3n de nuestra personalidad, y qu\u00e9 es la propiedad sino una prolongaci\u00f3n de<br>nuestras facultades?.<br>Si cada hombre tiene el derecho de defender, aun por la fuerza, su persona, su<br>libertad y su propiedad, varios hombres tienen el Derecho de concertarse, de<br>entenderse, de organizar una fuerza com\u00fan para encargarse regularmente de<br>aquella defensa.<br>El derecho colectivo, tiene pues, su principio, su raz\u00f3n de ser, su legitimidad, en el<br>derecho Individual; y la fuerza com\u00fan, racionalmente, no puede tener otra<br>finalidad, otra misi\u00f3n, que la que corresponde a las fuerzas aisladas a las cuales<br>substituye.<\/p>\n","protected":false},"excerpt":{"rendered":"<p>La ley, \u00a1pervertida! La ley y tras ella todas las fuerzas colectivas de la naci\u00f3n, hasido no solamente apartada de su finalidad, sino que aplicada para contrariar suobjetivo l\u00f3gico. \u00a1La ley, convertida en instrumento de todos los apetitosinmoderados, en lugar de servir como freno!\u00a1La ley, realizando ella misma la iniquidad de cuyo castigo estaba encargada!Ciertamente\u2026 <span class=\"read-more\"><a href=\"https:\/\/lanacionlibertaria.org\/?page_id=20\">Leer m\u00e1s &raquo;<\/a><\/span><\/p>\n","protected":false},"author":1,"featured_media":0,"parent":0,"menu_order":0,"comment_status":"closed","ping_status":"closed","template":"","meta":[],"_links":{"self":[{"href":"https:\/\/lanacionlibertaria.org\/index.php?rest_route=\/wp\/v2\/pages\/20"}],"collection":[{"href":"https:\/\/lanacionlibertaria.org\/index.php?rest_route=\/wp\/v2\/pages"}],"about":[{"href":"https:\/\/lanacionlibertaria.org\/index.php?rest_route=\/wp\/v2\/types\/page"}],"author":[{"embeddable":true,"href":"https:\/\/lanacionlibertaria.org\/index.php?rest_route=\/wp\/v2\/users\/1"}],"replies":[{"embeddable":true,"href":"https:\/\/lanacionlibertaria.org\/index.php?rest_route=%2Fwp%2Fv2%2Fcomments&post=20"}],"version-history":[{"count":1,"href":"https:\/\/lanacionlibertaria.org\/index.php?rest_route=\/wp\/v2\/pages\/20\/revisions"}],"predecessor-version":[{"id":21,"href":"https:\/\/lanacionlibertaria.org\/index.php?rest_route=\/wp\/v2\/pages\/20\/revisions\/21"}],"wp:attachment":[{"href":"https:\/\/lanacionlibertaria.org\/index.php?rest_route=%2Fwp%2Fv2%2Fmedia&parent=20"}],"curies":[{"name":"wp","href":"https:\/\/api.w.org\/{rel}","templated":true}]}}